{"id":106,"date":"2020-11-04T19:11:27","date_gmt":"2020-11-04T18:11:27","guid":{"rendered":"http:\/\/www.biogee.org\/?page_id=106"},"modified":"2026-03-17T09:38:20","modified_gmt":"2026-03-17T08:38:20","slug":"associations-organisations-institutions","status":"publish","type":"page","link":"https:\/\/www.biogee.org\/index.php\/associations-organisations-institutions\/","title":{"rendered":"Associations \/ Organisations \/ Institutions"},"content":{"rendered":"\n<p>Voici la liste de toutes les associations et organisation qui sont r\u00e9unies au sein de BioG\u00e9e.<\/p>\n\n\n\n<p><strong>Acad\u00e9mies<\/strong> :<\/p>\n\n\n\n<ul class=\"wp-block-list\">\n<li><a rel=\"noreferrer noopener\" href=\"https:\/\/www.academie-agriculture.fr\/\" target=\"_blank\">Acad\u00e9mie d&rsquo;Agriculture de France<\/a><\/li>\n\n\n\n<li><a href=\"https:\/\/www.academie-sciences.fr\/fr\/\">Acad\u00e9mie des Sciences<\/a><\/li>\n\n\n\n<li><a rel=\"noreferrer noopener\" href=\"https:\/\/www.academie-technologies.fr\/\" target=\"_blank\">Acad\u00e9mie des Technologies<\/a><\/li>\n\n\n\n<li><a href=\"http:\/\/www.academie-medecine.fr\/\" target=\"_blank\" rel=\"noreferrer noopener\">Acad\u00e9mie nationale de M\u00e9decine<\/a><\/li>\n\n\n\n<li><a href=\"https:\/\/www.acadpharm.org\/\" target=\"_blank\" rel=\"noreferrer noopener\">Acad\u00e9mie nationale de Pharmacie<\/a><\/li>\n\n\n\n<li><a rel=\"noreferrer noopener\" href=\"https:\/\/academie-veterinaire-defrance.org\/\" target=\"_blank\">Acad\u00e9mie V\u00e9t\u00e9rinaire de France<\/a><\/li>\n<\/ul>\n\n\n\n<p><strong>Institutions et Soci\u00e9t\u00e9s scientifiques :<\/strong><\/p>\n\n\n\n<ul class=\"wp-block-list\">\n<li><a href=\"https:\/\/www.helloasso.com\/associations\/christian-le-provost-oceanographe\" target=\"_blank\" rel=\"noreferrer noopener\">ACLP (Association Christian Le Provost)<\/a><\/li>\n\n\n\n<li><a rel=\"noreferrer noopener\" href=\"https:\/\/www.agroforesterie.fr\/index.php\" target=\"_blank\">AFAF (Association Fran\u00e7aise d&rsquo;Agroforesterie)<\/a><\/li>\n\n\n\n<li><a rel=\"noreferrer noopener\" href=\"https:\/\/www.afes.fr\/\" target=\"_blank\">AFES (Association Fran\u00e7aise de l\u2019\u00c9tude des Sols)<\/a><\/li>\n\n\n\n<li><a rel=\"noreferrer noopener\" href=\"http:\/\/www.afl-lichenologie.fr\/\" target=\"_blank\">AFL (Association Fran\u00e7aise de Lich\u00e9nologie)<\/a><\/li>\n\n\n\n<li><a href=\"https:\/\/afmje.org\/\" target=\"_blank\" rel=\"noreferrer noopener\">AFMJE (Association Fran\u00e7aise des Magistrats pour la Justice Environnementale)<\/a><\/li>\n\n\n\n<li><a rel=\"noreferrer noopener\" href=\"http:\/\/www.ardist.free.fr\/index.htm\" target=\"_blank\">ARDIST (Association pour la Recherche en Didactique des Sciences et des Technologies)<\/a><\/li>\n\n\n\n<li><a href=\"https:\/\/www.asef-asso.fr\/\" target=\"_blank\" rel=\"noreferrer noopener\">ASEF (Association Sant\u00e9 Environnement France)<\/a><\/li>\n\n\n\n<li><a rel=\"noreferrer noopener\" href=\"http:\/\/www.sedimentologie.fr\/\" target=\"_blank\">ASF (Association des S\u00e9dimentologistes de France)<\/a><\/li>\n\n\n\n<li><a href=\"https:\/\/bfcnature.fr\/\" target=\"_blank\" rel=\"noreferrer noopener\">BFC (Nature, Bourgogne France-Comt\u00e9 Nature)<\/a><\/li>\n\n\n\n<li><a rel=\"noreferrer noopener\" href=\"https:\/\/france-orchidees.org\/\" target=\"_blank\">FFO (F\u00e9d\u00e9ration France Orchid\u00e9es)<\/a><\/li>\n\n\n\n<li><a rel=\"noreferrer noopener\" href=\"https:\/\/www.unires-edusante.fr\/\" target=\"_blank\">FFB (F\u00e9d\u00e9ration Fran\u00e7aise de Biotechnologies)<\/a><\/li>\n\n\n\n<li><a rel=\"noreferrer noopener\" href=\"https:\/\/faunedefrance.org\/federation-fr-ste-sc-nat\/\" target=\"_blank\">FFSSN (F\u00e9d\u00e9ration Fran\u00e7aise des Soci\u00e9t\u00e9s de Sciences Naturelles)<\/a><\/li>\n\n\n\n<li><a href=\"http:\/\/secure-web.cisco.com\/1ITLNLBjpL6_VGBDK3n1jVMzE3kr6uxhmADYL-nflReEY3zLUqgPNy1hQc2xqf9Ow9Pw3QJBUIyH0MnSpnq0PpQdn_vggSdAQit_nsG8_w8F4u3yfxJqL3Zv_EvltkFZi7ZWPVCktv8D-5GJy0Gcnin6t5gtJjn8ixRQtEBl5gj10Jge4ptHENu8r827u59HyprMLXc1tiNfW0Mqetd6uz_HnrXhQHZjzB7ovU4WJPMHmWoCR_oasAXoU6DjLX-bbPLF-FfhSGEsob1wRDqI_eB1fT5pBxNg2cSZztwNxKiJ8rSKadyeykXF7-au1PtPXZw-2YbwHoHBEOR-p0y0ob79cPyGdkbLoFLsuAOFW7c1Dwsaa-bzOxtndXbp_ve2yM77TeDjeM8Hms9Hj-6x8_hbeSvpjLON5bNMNbt8yqnKlpFdAqwR6sVdJPqU87_rCU-GrQhU_CSilyxHS6DKjLq3WeQ28F7ps95bAJbTOCCv3TduGs1S7oS88PRkto9eR\/http%3A%2F%2Fwww.fondationbiodiversite.fr\">La FRB (Fondation pour la Recherche pour la Biodiversit\u00e9)<\/a><\/li>\n\n\n\n<li><a rel=\"noreferrer noopener\" href=\"http:\/\/www.lave-volcans.com\/\" target=\"_blank\">LAVE (L&rsquo;Association Volcanologique Europ\u00e9enne)<\/a><\/li>\n\n\n\n<li><a rel=\"noreferrer noopener\" href=\"https:\/\/www.mnhn.fr\/\" target=\"_blank\">MNHN (Mus\u00e9um National d\u2019Histoire Naturelle)<\/a><\/li>\n\n\n\n<li><a rel=\"noreferrer noopener\" href=\"https:\/\/www.ofsv.org\/\" target=\"_blank\">OFSV (Observatoire Fran\u00e7ais des Sols Vivants)<\/a><\/li>\n\n\n\n<li><a href=\"https:\/\/www.reseau-environnement-sante.fr\/\" target=\"_blank\" rel=\"noreferrer noopener\">RES (R\u00e9seau Environnement Sant\u00e9)<\/a><\/li>\n\n\n\n<li><a rel=\"noreferrer noopener\" href=\"http:\/\/www.societedebiologie.com\/\" target=\"_blank\">SB (Soci\u00e9t\u00e9 de Biologie)<\/a><\/li>\n\n\n\n<li><a rel=\"noreferrer noopener\" href=\"https:\/\/societebotaniquedefrance.fr\/\" target=\"_blank\">SBF (Soci\u00e9t\u00e9 Botanique de France)<\/a><\/li>\n\n\n\n<li><a rel=\"noreferrer noopener\" href=\"https:\/\/lasef.org\/\" target=\"_blank\">SEF (Soci\u00e9t\u00e9 Entomologique de France)<\/a><\/li>\n\n\n\n<li><a href=\"https:\/\/seofalauda.wixsite.com\/seof\" target=\"_blank\" rel=\"noreferrer noopener\">SEOF (Soci\u00e9t\u00e9 d\u2019\u00c9tudes Ornithologiques de France)<\/a><\/li>\n\n\n\n<li><a rel=\"noreferrer noopener\" href=\"https:\/\/www.sfbiophys.org\/\" target=\"_blank\">SFB (Soci\u00e9t\u00e9 Fran\u00e7aise de Biophysique)<\/a><\/li>\n\n\n\n<li><a rel=\"noreferrer noopener\" href=\"https:\/\/www.sfbbm.fr\/index.php?lang=fr\" target=\"_blank\">SFBBM (Soci\u00e9t\u00e9 Fran\u00e7aise de Biochimie et de Biologie Mol\u00e9culaire)<\/a><\/li>\n\n\n\n<li><a rel=\"noreferrer noopener\" href=\"https:\/\/sfbd.fr\/\" target=\"_blank\" data-type=\"URL\" data-id=\"https:\/\/sfbd.fr\/\">SFBD (Soci\u00e9t\u00e9 Fran\u00e7aise de Biologie du D\u00e9veloppement)<\/a><\/li>\n\n\n\n<li><a rel=\"noreferrer noopener\" href=\"http:\/\/sfbv.fr\/\" target=\"_blank\">SFBV (Soci\u00e9t\u00e9 Fran\u00e7aise de Biologie V\u00e9g\u00e9tale)<\/a><\/li>\n\n\n\n<li><a rel=\"noreferrer noopener\" href=\"http:\/\/www.sfendocrino.org\/\" target=\"_blank\">SFE (Soci\u00e9t\u00e9 Fran\u00e7aise d&rsquo;Endocrinologie)<\/a><\/li>\n\n\n\n<li><a rel=\"noreferrer noopener\" href=\"https:\/\/www.sfecologie.org\/\" target=\"_blank\">SF2E ( Soci\u00e9t\u00e9 Fran\u00e7aise d\u2019\u00c9cologie et d\u2019\u00c9volution)<\/a><\/li>\n\n\n\n<li><a href=\"http:\/\/www-sfde.u-strasbg.fr\/\">SFDE ( Soci\u00e9t\u00e9 Fran\u00e7aise pour le Droit de l&rsquo;Environnement)<\/a><\/li>\n\n\n\n<li><a rel=\"noreferrer noopener\" href=\"http:\/\/www.sfgenetique.org\/\" target=\"_blank\">SFG (Soci\u00e9t\u00e9 Fran\u00e7aise de G\u00e9n\u00e9tique)<\/a><\/li>\n\n\n\n<li><a rel=\"noreferrer noopener\" href=\"https:\/\/immunology.fr\/\" target=\"_blank\">SFI (Soci\u00e9t\u00e9 Fran\u00e7aise d&rsquo;Immunologie)<\/a><\/li>\n\n\n\n<li><a rel=\"noreferrer noopener\" href=\"https:\/\/www.sfm-microbiologie.org\/\" target=\"_blank\">SFM (Soci\u00e9t\u00e9 Fran\u00e7aise de Microbiologie)<\/a><\/li>\n\n\n\n<li><a rel=\"noreferrer noopener\" href=\"https:\/\/sfmc-fr.org\/?lang=fr\" target=\"_blank\">SFMC (Soci\u00e9t\u00e9 Fran\u00e7aise de Min\u00e9ralogie et Cristallographie)<\/a><\/li>\n\n\n\n<li><a rel=\"noreferrer noopener\" href=\"https:\/\/www.sfp-asso.org\/\" target=\"_blank\">SFP (Soci\u00e9t\u00e9 Fran\u00e7aise de Phytopathologie)<\/a><\/li>\n\n\n\n<li><a rel=\"noreferrer noopener\" href=\"https:\/\/sfs.snv.jussieu.fr\/\" target=\"_blank\">SFS (Soci\u00e9t\u00e9 Fran\u00e7aise de Syst\u00e9matique)<\/a><\/li>\n\n\n\n<li><a href=\"https:\/\/sfse.org\/accueil\" target=\"_blank\" rel=\"noreferrer noopener\">SFSE (Soci\u00e9t\u00e9 Francophone de Sant\u00e9 et Environnement)<\/a><\/li>\n\n\n\n<li><a rel=\"noreferrer noopener\" href=\"https:\/\/www.geosoc.fr\/\" target=\"_blank\">SGF (Soci\u00e9t\u00e9 G\u00e9ologique de France)<\/a><\/li>\n\n\n\n<li><a rel=\"noreferrer noopener\" href=\"https:\/\/www.biusante.parisdescartes.fr\/shesvie\/\" target=\"_blank\">SHESVIE (Soci\u00e9t\u00e9 d\u2019Histoire et d\u2019\u00c9pist\u00e9mologie des Sciences de la Vie)<\/a><\/li>\n\n\n\n<li><a rel=\"noreferrer noopener\" href=\"https:\/\/www.mycofrance.fr\/\" target=\"_blank\">SMF (Soci\u00e9t\u00e9 Mycologique de France)<\/a><\/li>\n\n\n\n<li><a rel=\"noreferrer noopener\" href=\"https:\/\/www.societe-neuroendocrinologie.fr\/\" target=\"_blank\">SNE (Soci\u00e9t\u00e9 de Neuroendocrinologie)<\/a><\/li>\n\n\n\n<li><a rel=\"noreferrer noopener\" href=\"https:\/\/www.snhf.org\/\" target=\"_blank\">SNHF (Soci\u00e9t\u00e9 Nationale d&rsquo;Horticulture de France)<\/a><\/li>\n\n\n\n<li><a rel=\"noreferrer noopener\" href=\"http:\/\/www.societedephysiologie.org\/\" target=\"_blank\">SPBI (Soci\u00e9t\u00e9 de Physiologie et de Biologie Int\u00e9grative)<\/a><\/li>\n\n\n\n<li><a rel=\"noreferrer noopener\" href=\"https:\/\/societe-zoologique.fr\/\" target=\"_blank\">SZF (Soci\u00e9t\u00e9 Zoologique de France)<\/a><\/li>\n<\/ul>\n\n\n\n<p><strong>Associations li\u00e9es \u00e0 l&rsquo;enseignement<\/strong> :<\/p>\n\n\n\n<ul class=\"wp-block-list\">\n<li><a href=\"http:\/\/afneus.org\" target=\"_blank\" rel=\"noreferrer noopener\">AFNEUS (Association F\u00e9d\u00e9rative Nationale des Etudiant.e.s Universitaires Scientifiques)<\/a><\/li>\n\n\n\n<li><a rel=\"noreferrer noopener\" href=\"https:\/\/afpsvt.fr\/\" target=\"_blank\">AFPSVT (Association pour la Formation des Professeurs de Sciences de la Vie et de la Terre)<\/a><\/li>\n\n\n\n<li><a href=\"https:\/\/lescontesduvivant.fr\/\" target=\"_blank\" rel=\"noreferrer noopener\">Association Les Contes du Vivant<\/a><\/li>\n\n\n\n<li><a rel=\"noreferrer noopener\" href=\"http:\/\/www.apbg.org\/\" target=\"_blank\">APBG (Association des Professeurs de Biologie et G\u00e9ologie)<\/a><\/li>\n\n\n\n<li><a rel=\"noreferrer noopener\" href=\"https:\/\/www.apes-lp.fr\/fr\/\" target=\"_blank\">APES-LP (Association des Professeurs d&rsquo; Enseignement Social des Lyc\u00e9es Professionnels)<\/a><\/li>\n\n\n\n<li><a rel=\"noreferrer noopener\" href=\"http:\/\/biotechnose.fr\/\" target=\"_blank\">BiotechnoSE (Association fran\u00e7aise de professeurs de Biotechnologies Sant\u00e9 Environnement)<\/a><\/li>\n\n\n\n<li><a href=\"http:\/\/www.cafe-des-sciences.fr\" target=\"_blank\" rel=\"noreferrer noopener\">Le Caf\u00e9 Scientifique de Morlaix<\/a><\/li>\n\n\n\n<li><a rel=\"noreferrer noopener\" href=\"https:\/\/cdus.fr\/\" target=\"_blank\">CDUS (Conf\u00e9rence des Doyens et Directeurs d&rsquo;UFR Scientifiques)(CDUS)<\/a><\/li>\n\n\n\n<li><a href=\"https:\/\/www.helloasso.com\/associations\/les-dialogues-du-vivant\" target=\"_blank\" rel=\"noreferrer noopener\">Dialogues du vivant<\/a><\/li>\n\n\n\n<li><a href=\"https:\/\/www.esaj.asso.fr\/\" target=\"_blank\" rel=\"noreferrer noopener\">\u00c9cole Sup\u00e9rieures d&rsquo;Architecture des Jardins<\/a><\/li>\n\n\n\n<li><a href=\"https:\/\/frene.org\/\" target=\"_blank\" rel=\"noreferrer noopener\">FRENE<\/a><\/li>\n\n\n\n<li><a href=\"https:\/\/campus-innovation-lycees.fr\/\" target=\"_blank\" rel=\"noreferrer noopener\">Le Campus de l\u2019Innovation pour les Lyc\u00e9es<\/a><\/li>\n\n\n\n<li><a href=\"https:\/\/www.fresquedelabiodiversite.org\/\" target=\"_blank\" rel=\"noreferrer noopener\">La Fresque de la Biodiversit\u00e9<\/a><\/li>\n\n\n\n<li><a href=\"https:\/\/garance-voyageuse.org\/\" target=\"_blank\" rel=\"noreferrer noopener\">La Garance Voyageuse<\/a><\/li>\n\n\n\n<li><a rel=\"noreferrer noopener\" href=\"https:\/\/www.lespetitsdebrouillards.org\/index.php\" target=\"_blank\">Les petits D\u00e9brouillards<\/a><\/li>\n\n\n\n<li><a rel=\"noreferrer noopener\" href=\"https:\/\/www.svtsup.fr\/\" target=\"_blank\">SVTSUP<\/a><\/li>\n\n\n\n<li><a href=\"https:\/\/www.teragir.org\/\" target=\"_blank\" rel=\"noreferrer noopener\">TERAGIR<\/a><\/li>\n\n\n\n<li><a href=\"https:\/\/www.unilasalle.fr\/\" target=\"_blank\" rel=\"noreferrer noopener\">UNILASALLE<\/a><\/li>\n\n\n\n<li><a href=\"https:\/\/www.uniagro.fr\/\" target=\"_blank\" rel=\"noreferrer noopener\">UniAgros (F\u00e9d\u00e9ration des \u00e9coles d&rsquo;agro)<\/a><\/li>\n\n\n\n<li><a rel=\"noreferrer noopener\" href=\"https:\/\/www.unires-edusante.fr\/\" target=\"_blank\">UNIR\u00e9S (le r\u00e9seau des universit\u00e9s pour l&rsquo;\u00e9ducation \u00e0 la sant\u00e9)<\/a><\/li>\n\n\n\n<li><a rel=\"noreferrer noopener\" href=\"http:\/\/blog.prepasbio.org\/\" target=\"_blank\">UPA (Union des professeurs des classes pr\u00e9paratoires aux grandes \u00e9coles agronomiques, biologiques, g\u00e9ologiques et v\u00e9t\u00e9rinaires)<\/a><\/li>\n\n\n\n<li><a rel=\"noreferrer noopener\" href=\"https:\/\/upbm.org\/\" target=\"_blank\">UPBM (Union des professeurs de Biochimie et Microbiologie)<\/a><\/li>\n\n\n\n<li><a href=\"https:\/\/secure-web.cisco.com\/1PhsHy_meVX90VQZJNvVibVjzjcB0WHWDnlxkcixaBXEQHe-uQ_nrQ8JO5NKorgC3d8yeMhuJfVze87PWQcUKrXfam5LWmGSgGjrhXHGRhhVt98YqwbQ-x4ZKVsAEJj3-zXVCrMZasyvW7uLvLmuAOITDjyudxEKmCV1feHtUCQ8a4nVDgjFWIZgRhVKW7ZEUuSYH5Pi1GNLmNsNRu3XGpkAp7A97qXtZjlTRY4hdUBYY54hNiAgkXSvJhpnU-iWwZvq4J2pA1kZ6BIkUB5kjgPWwQU7wEM1tIfzcuyMpDmg2Vka1SmLe6aHFi0IhejBkX8zPhEtatDxWyQA9h0Lwf7kcU6nggOn2KHQaQgBy5LAEQhIT8NwteuxEQC3vjFIFK7eot7-J2v-4G-YGWiPgKsEPv5MPdSFizzXW067Q-l0k3E_CiOI56Iw5E5XRgvkkBKcTJIGh0322ODlGAw0ccnbUQbcZjoq2bQmK6OWssUJGD45d59n8Ob77hWHfYnwc\/https%3A%2F%2Fwww.vieilles-racines-et-jeunes-pousses.fr%2F\" target=\"_blank\" rel=\"noreferrer noopener\">Vieilles racines et jeunes pousses<\/a><\/li>\n\n\n\n<li><a href=\"https:\/\/www.zoepolis.com\/\" target=\"_blank\" rel=\"noreferrer noopener\">ZOETOPIE<\/a> <\/li>\n<\/ul>\n\n\n\n<p><strong>Associations pour la protection de l&rsquo;environnement<\/strong><\/p>\n\n\n\n<ul class=\"wp-block-list\">\n<li><a href=\"https:\/\/all4trees.org\/\" data-type=\"link\" data-id=\"https:\/\/all4trees.org\/\" target=\"_blank\" rel=\"noreferrer noopener\">All4trees  (collectif pour la pr\u00e9servation des for\u00eats)<\/a><\/li>\n\n\n\n<li><a href=\"https:\/\/arpcv.fr\/\" target=\"_blank\" rel=\"noreferrer noopener\">ARPCV (Association pour le Reboisement et la Protection du Cengle Sainte-Victoire)<\/a><\/li>\n\n\n\n<li><a href=\"https:\/\/www.aspas-nature.org\/\" target=\"_blank\" rel=\"noreferrer noopener\">ASPAS (Association pour la Protection des Animaux Sauvages)<\/a><\/li>\n\n\n\n<li><a href=\"https:\/\/engage.world\/citoyens\/\" target=\"_blank\" rel=\"noreferrer noopener\">Association ENGAGE Citoyens<\/a><\/li>\n\n\n\n<li><a href=\"https:\/\/www.biodiversio.org\/\" target=\"_blank\" rel=\"noreferrer noopener\">Biodiversio<\/a><\/li>\n\n\n\n<li><a href=\"https:\/\/www.biotopefestival.fr\/\" target=\"_blank\" rel=\"noreferrer noopener\">Biotope Festival<\/a><\/li>\n\n\n\n<li><a rel=\"noreferrer noopener\" href=\"https:\/\/www.bonpourleclimat.org\/\" target=\"_blank\">Bon pour le climat<\/a><\/li>\n\n\n\n<li><a href=\"https:\/\/decompactes-abc.org\/\" target=\"_blank\" rel=\"noreferrer noopener\">D\u00e9compact\u00e9.e.s de l&rsquo;ABC<\/a><\/li>\n\n\n\n<li><a href=\"http:\/\/www.ena2053.fr\" target=\"_blank\" rel=\"noreferrer noopener\">\u00c9cole des Naturalistes d&rsquo;Aquitaine (ENA)<\/a><\/li>\n\n\n\n<li><a href=\"https:\/\/etatssauvages.wixsite.com\/etatssauvages\" target=\"_blank\" rel=\"noreferrer noopener\">\u00c9tats sauvages<\/a><\/li>\n\n\n\n<li><a href=\"https:\/\/biodiversite.grandest.fr\/acteurs\/federation-flore-54\/\" target=\"_blank\" rel=\"noreferrer noopener\">F\u00e9d\u00e9ration D\u00e9partementale FLORE 54<\/a><\/li>\n\n\n\n<li><a href=\"https:\/\/www.fortspourdemain.fr\/\" target=\"_blank\" rel=\"noreferrer noopener\">Forts pour demain<\/a><\/li>\n\n\n\n<li><a href=\"https:\/\/www.forumprojetsdd.org\/\" target=\"_blank\" rel=\"noreferrer noopener\">Forum et projet pour le d\u00e9veloppement durable<\/a><\/li>\n\n\n\n<li><a href=\"https:\/\/graine-idf.org\/\" target=\"_blank\" rel=\"noreferrer noopener\">GRAINE \u00eele de France<\/a><\/li>\n\n\n\n<li><a rel=\"noreferrer noopener\" href=\"https:\/\/www.humanite-biodiversite.fr\/\" target=\"_blank\">Humanit\u00e9 et Biodiversit\u00e9<\/a><\/li>\n\n\n\n<li><a href=\"https:\/\/jardinnaturepibrac.org\/\" target=\"_blank\" rel=\"noreferrer noopener\">Jardin Nature Pibrac<\/a><\/li>\n\n\n\n<li><a rel=\"noreferrer noopener\" href=\"https:\/\/jne-asso.org\/blogjne\/\" target=\"_blank\">JNE (Journalistes \u00c9crivains pour la Nature et l\u2019\u00c9cologie)<\/a><\/li>\n\n\n\n<li><a href=\"https:\/\/joinvilleciteforet.wixsite.com\/joinville-cite-foret\" target=\"_blank\" rel=\"noreferrer noopener\">Joinville Cit\u00e9 For\u00eat<\/a><\/li>\n\n\n\n<li><a href=\"https:\/\/secure-web.cisco.com\/1H9MBlnvv3HDAYq3wA1H7MO0dB4bnqsO0pkyiowu5eBFR_HBOlwmn9hodkcuhZ9LhQ0KshI_VUygxKlKe4YFJDx84VLcwhAvPicb8L8BLrKJ5pGUzaxk5tC08OpvwfxwFM2EwNmCD0bCdb6-peCl9u117oi1GaLg7dnO5tL9uHFwQkHTl2HxJK0WUdtlKh_TEwIzu6RA7lsv35qg7f0DYxbqfu7IxeB0s8y0sRyECslF55xFlMwwmtLZq79At1qDuLIz8hQSZ43fBFneTMF9I8UNIVmzU8OZg_iWTuHcSLQRHqxoEPsESl9mDYRTLJJBY1l8rk_O9gBabv2_VbnEkbXHn1_89Wk1KX5qgdnedQDZG69k9un71y9-KUNL6vqEmXcSOLaSwQXiCngLMvl1RnCQrPyXFN0oprLtZtKntDQMiHXMuL7GFDYVzPtcHjGK1dtP7ilE_UfJxQ7l15hV4GQ-giNPp8TGumhMe5i1nsrME6M4VSWMuPUYscV4ReQZR\/https%3A%2F%2Flerubanvert.net%2F\" target=\"_blank\" rel=\"noreferrer noopener\">Le Ruban Vert<\/a><\/li>\n\n\n\n<li><a href=\"https:\/\/secure-web.cisco.com\/1FApm8BMKM-0-K4akUfP31-jTn_1XhJ0lu0_NOmEX3bNTuQLVmisWV2gv5-TD10WXRQqIyZs72Uhz5dLUry8WpoYfk3S20yZcpfdOAFIfMTqMRbqAeinop6SHk40Pz7_duLNvyzNmmhjbByTHoYThroFakFeczDKhk4loUAiJap58aTi1UVDheYuI62NtNFCNvDDnL8umnN-8wRivclyriVGpNMhHq2p5anatvYBpIceJSYFL23yZ8mGjO1Q_Q0Xex8TuW1X6pO5UmjY0-UDkuXdzr_bDNNkQ0kvZFYdvnP2cgLA-NRYuPVMS4RcpzoS5j8GxCQJXQyDpRaSWP61qFeNX361rfg-D2uq2aCrKY2qQQ0tPfElypQH4yhE_eVF-9z-OgmMoRwTQ1M65zzji5WSfbLhe44p4ShAGjEFUQ3ZkpAxZW1uhrP_o5JVFq45JpIVR3ydVfgakRnMRu0MYG68zgJBzT4mTAoaQyBnZulo\/https%3A%2F%2Flesjoursquisuivent.com%2F\" target=\"_blank\" rel=\"noreferrer noopener\">\u00ab Les jours qui suivent \u2026 \u00bb<\/a><\/li>\n\n\n\n<li><a href=\"https:\/\/www.lpo.fr\/\" target=\"_blank\" rel=\"noreferrer noopener\">LPO Normandie<\/a><\/li>\n\n\n\n<li><a href=\"https:\/\/www.pepinsproduction.fr\/festival-vivaces\/\" target=\"_blank\" rel=\"noreferrer noopener\">P\u00e9pins Production<\/a><\/li>\n<\/ul>\n\n\n\n<p><strong>Fondations, associations et associations d&rsquo;entreprises<\/strong><\/p>\n\n\n\n<ul class=\"wp-block-list\">\n<li><a href=\"https:\/\/www.fnh.org\">Fondation pour la Nature et l&rsquo;Homme<\/a><\/li>\n\n\n\n<li><a href=\"https:\/\/www.epe-asso.org\/\" target=\"_blank\" rel=\"noreferrer noopener\">Entreprises pour l&rsquo;environnement<\/a><\/li>\n\n\n\n<li><a href=\"https:\/\/www.fondation-charpak.fr\/\" target=\"_blank\" rel=\"noreferrer noopener\">Fondation Charpak : l&rsquo;esprit des sciences<\/a><\/li>\n\n\n\n<li><a href=\"https:\/\/www.yves-rocher-fondation.org\/\" target=\"_blank\" rel=\"noreferrer noopener\">Fondation Yves Rocher<\/a><\/li>\n\n\n\n<li><a rel=\"noreferrer noopener\" href=\"http:\/\/www.oree.org\/\" target=\"_blank\">OREE (Organisation pour le Respect de l&rsquo;Environnement dans l&rsquo;Entreprise, plus de 180 membres : entreprises, collectivit\u00e9s, associations professionnelles et environnementales, organismes acad\u00e9miques et institutionnels)<\/a><\/li>\n\n\n\n<li><a rel=\"noreferrer noopener\" href=\"https:\/\/www.terinov.com\" target=\"_blank\">Terinov (cluster des G\u00e9osciences en M\u00e9diterran\u00e9e, 21 membres)<\/a><\/li>\n\n\n\n<li><a rel=\"noreferrer noopener\" href=\"https:\/\/theshiftproject.org\/\" target=\"_blank\">SHIFT project (<em>Think tank <\/em>\u0153uvrant en faveur d\u2019une \u00e9conomie lib\u00e9r\u00e9e de la contrainte carbone)<\/a><\/li>\n<\/ul>\n\n\n\n<p><\/p>\n","protected":false},"excerpt":{"rendered":"<p>Voici la liste de toutes les associations et organisation qui sont r\u00e9unies au sein de BioG\u00e9e. Acad\u00e9mies : Institutions et Soci\u00e9t\u00e9s scientifiques : Associations li\u00e9es \u00e0 l&rsquo;enseignement : Associations pour la protection de l&rsquo;environnement Fondations, associations et associations d&rsquo;entreprises<\/p>\n","protected":false},"author":1,"featured_media":0,"parent":0,"menu_order":0,"comment_status":"closed","ping_status":"closed","template":"","meta":{"footnotes":""},"class_list":["post-106","page","type-page","status-publish","hentry"],"jetpack_sharing_enabled":true,"_links":{"self":[{"href":"https:\/\/www.biogee.org\/index.php\/wp-json\/wp\/v2\/pages\/106","targetHints":{"allow":["GET"]}}],"collection":[{"href":"https:\/\/www.biogee.org\/index.php\/wp-json\/wp\/v2\/pages"}],"about":[{"href":"https:\/\/www.biogee.org\/index.php\/wp-json\/wp\/v2\/types\/page"}],"author":[{"embeddable":true,"href":"https:\/\/www.biogee.org\/index.php\/wp-json\/wp\/v2\/users\/1"}],"replies":[{"embeddable":true,"href":"https:\/\/www.biogee.org\/index.php\/wp-json\/wp\/v2\/comments?post=106"}],"version-history":[{"count":55,"href":"https:\/\/www.biogee.org\/index.php\/wp-json\/wp\/v2\/pages\/106\/revisions"}],"predecessor-version":[{"id":3097,"href":"https:\/\/www.biogee.org\/index.php\/wp-json\/wp\/v2\/pages\/106\/revisions\/3097"}],"wp:attachment":[{"href":"https:\/\/www.biogee.org\/index.php\/wp-json\/wp\/v2\/media?parent=106"}],"curies":[{"name":"wp","href":"https:\/\/api.w.org\/{rel}","templated":true}]}}