{"id":141,"date":"2020-11-08T17:38:45","date_gmt":"2020-11-08T16:38:45","guid":{"rendered":"http:\/\/www.biogee.org\/?page_id=141"},"modified":"2026-01-03T18:52:42","modified_gmt":"2026-01-03T17:52:42","slug":"marraines-et-parrains-de-biogee","status":"publish","type":"page","link":"https:\/\/www.biogee.org\/index.php\/marraines-et-parrains-de-biogee\/","title":{"rendered":"Marraines et parrains de BioG\u00e9e"},"content":{"rendered":"\n<div class=\"wp-block-group\"><div class=\"wp-block-group__inner-container is-layout-flow wp-block-group-is-layout-flow\">\n<div class=\"wp-block-group\"><div class=\"wp-block-group__inner-container is-layout-flow wp-block-group-is-layout-flow\">\n<div class=\"wp-block-group\"><div class=\"wp-block-group__inner-container is-layout-flow wp-block-group-is-layout-flow\">\n<div class=\"wp-block-group\"><div class=\"wp-block-group__inner-container is-layout-flow wp-block-group-is-layout-flow\">\n<div class=\"wp-block-group\"><div class=\"wp-block-group__inner-container is-layout-flow wp-block-group-is-layout-flow\">\n<ul class=\"wp-block-list\">\n<li>Vincent Albouy, Auteur naturaliste et ancien pr\u00e9sident de l\u2019Office Pour les Insectes et leur Environnement<\/li>\n\n\n\n<li>Denis Allemand, Professeur des Universit\u00e9s, ancien Directeur Scientifique du Centre Scientifique de Monaco<\/li>\n\n\n\n<li>Anne Atlan, Directrice de Recherches au CNRS en socio-\u00e9cologie<\/li>\n\n\n\n<li>Isabelle Autissier, Navigatrice et \u00e9crivaine<\/li>\n\n\n\n<li>Alain Berthoz, Ing\u00e9nieur, neurophysiologiste, grand prix du CEA de l\u2019Acad\u00e9mie des sciences, professeur honoraire au Coll\u00e8ge de France<\/li>\n\n\n\n<li>Gilles B\u0153uf, Biologiste, professeur a\u0300 l\u2019UMPC, ancien pr\u00e9sident du Mus\u00e9um National d\u2019Histoire Naturelle<\/li>\n\n\n\n<li>Isabelle Chuine, \u00c9cologue au CNRS, membre de l\u2019Acad\u00e9mie des Sciences et de l\u2019Acad\u00e9mie d\u2019Agriculture<\/li>\n\n\n\n<li>Gilles Cl\u00e9ment, Jardinier, paysagiste concepteur, ing\u00e9nieur horticole<\/li>\n\n\n\n<li>\u2020 Yves Coppens, Professeur honoraire au Mus\u00e9um national d\u2019Histoire naturelle et Professeur \u00e9m\u00e9rite au Coll\u00e8ge de France, Membre de l\u2019Acad\u00e9mie des sciences et de l\u2019Acad\u00e9mie nationale de m\u00e9decine<\/li>\n\n\n\n<li>Boris Cyrulnik, psychologue et essayiste<\/li>\n\n\n\n<li>Claude Debru, Professeur \u00e9m\u00e9rite a\u0300 l\u2019\u00c9cole normale sup\u00e9rieure (Ulm), membre de l\u2019Acad\u00e9mie des sciences et de l\u2019Acad\u00e9mie d\u2019agriculture de France<\/li>\n\n\n\n<li>Barbara Demeneix, Professeur \u00e9m\u00e9rite au Mus\u00e9um national d\u2019Histoire naturelle, Membre de l\u2019Acad\u00e9mie des technologies, Membre associ\u00e9 de l\u2019Acad\u00e9mie d\u2019Agriculture de France<\/li>\n\n\n\n<li>Fabienne Delfour, Enseignante vacataire \u00e0 l&rsquo;ENVT, chercheuse associ\u00e9e \u00e0 l&rsquo;ILCB-AMU, autrice et conf\u00e9renci\u00e8re.<\/li>\n\n\n\n<li>Philippe Descola, Professeur \u00e9m\u00e9rite du Coll\u00e8ge de France et Directeur d\u2019\u00e9tudes EHESS<\/li>\n\n\n\n<li>Jean-Louis Etienne, M\u00e9decin et explorateur, Membre de l\u2019Acad\u00e9mie des technologies<\/li>\n\n\n\n<li>J\u00e9ro\u0302me Gaillardet, Professeur a\u0300 l\u2019Institut de Physique du Globe, Membre de l\u2019Institut Universitaire de France<\/li>\n\n\n\n<li>Marc Giraud, \u00c9crivain et chroniqueur animalier, naturaliste de terrain<\/li>\n\n\n\n<li>Jamy Gourmaud, Journaliste, animateur de t\u00e9l\u00e9vision et vulgarisateur<\/li>\n\n\n\n<li>Philippe Grandcolas, Directeur de recherche au CNRS, Biologiste de l\u2019\u00e9volution<\/li>\n\n\n\n<li>\u2020 Francis Hall\u00e9, Botaniste<\/li>\n\n\n\n<li>Olivier Hamant, Biologiste, chercheur \u00e0 l&rsquo;INRAE, directeur de l&rsquo;institut Michel Serres, \u00e0 Lyon, auteur de La 3<sup>e<\/sup> voie du vivant<\/li>\n\n\n\n<li>Jean-Jacques Hublin, Professeur a\u0300 l\u2019Institut Max-Planck d\u2019Anthropologie \u00c9volutionnaire de Leipzig (Allemagne) et Professeur invit\u00e9 au Coll\u00e8ge de France<\/li>\n\n\n\n<li>Philippe Janvier, Directeur de recherche \u00e9m\u00e9rite au CNRS et Membre de l\u2019Acad\u00e9mie des sciences<\/li>\n\n\n\n<li>\u2020 Axel Kahn, M\u00e9decin-chercheur en g\u00e9n\u00e9tique, Directeur de recherches a\u0300 l\u2019INSERM, Pr\u00e9sident de la Ligue Nationale contre le Cancer<\/li>\n\n\n\n<li>\u00c9tienne Klein, Philosophe des sciences au CEA<\/li>\n\n\n\n<li>Gaspard Koenig, Philosophe, \u00e9crivain<\/li>\n\n\n\n<li>Philippe Kourilsky, Professeur \u00e9m\u00e9rite au Coll\u00e8ge de France, Directeur g\u00e9n\u00e9ral honoraire de l\u2019Institut Pasteur et Membre de l\u2019Acad\u00e9mie des sciences<\/li>\n\n\n\n<li>\u2020 Bruno Latour, Philosophe, sociologue, professeur \u00e9m\u00e9rite associ\u00e9 au m\u00e9dialab de Sciences Po<\/li>\n\n\n\n<li>Christophe Lavelle, biophysicien et anthropologue au CNRS et au Mus\u00e9um National d&rsquo;Histoire Naturelle<\/li>\n\n\n\n<li>Yvon Le Maho, Eco physiologiste, directeur de recherches au CNRS, Membre de l\u2019Acad\u00e9mie des sciences<\/li>\n\n\n\n<li>Harold Levrel, Professeur d\u2019\u00e9conomie \u00e9cologique au MNHNP<\/li>\n\n\n\n<li>Tania Louis, Docteure en virologie, m\u00e9diatrice scientifique et autrice<\/li>\n\n\n\n<li>Jean-Franc\u0327ois Matt\u00e9i, Professeur \u00e9m\u00e9rite de m\u00e9decine, Membre de l\u2019Institut (Acad\u00e9mie des sciences morales et politiques) et membre de l\u2019Acad\u00e9mie de m\u00e9decine<\/li>\n\n\n\n<li>Isabelle Moretti, Chercheur associ\u00e9 a\u0300 la Sorbonne Universit\u00e9s et a\u0300 l\u2019Universit\u00e9 de Pau et des Pays de l\u2019Adour, membre de l\u2019Acad\u00e9mie des technologies<\/li>\n\n\n\n<li>\u2020 Danielle Nocher, Journaliste, fondatrice de Valeurs Vertes<\/li>\n\n\n\n<li>\u2020 Jacques Perrin, Acteur, r\u00e9alisateur de documentaires et producteur de cin\u00e9ma, membre de l\u2019Acad\u00e9mie des Beaux-Arts<\/li>\n\n\n\n<li>Pascal Picq, Pal\u00e9oanthropologue, auteur, ma\u00eetre de conf\u00e9rences au Coll\u00e8ge de France<\/li>\n\n\n\n<li>Gilles Pipien, Administrateur d\u2019Humanit\u00e9 et Biodiversit\u00e9<\/li>\n\n\n\n<li>Armand de Ricql\u00e8s, Professeur \u00e9m\u00e9rite du Coll\u00e8ge de France<\/li>\n\n\n\n<li>Cl\u00e9ment Sanchez, Professeur au Coll\u00e8ge de France et Membre de l\u2019Acad\u00e9mie des sciences<\/li>\n\n\n\n<li>He\u00efdi Sevestre, Glaciologue, chercheuse a\u0300 l\u2019Universit\u00e9 de St Andrews et au Conseil de l\u2019Arctique<\/li>\n\n\n\n<li>Philippe Taquet, Professeur \u00e9m\u00e9rite au Mus\u00e9um National d\u2019Histoire Naturelle<\/li>\n\n\n\n<li>Mathieu Vidard, Producteur et animateur de la Terre au carr\u00e9 sur France Inter<\/li>\n<\/ul>\n<\/div><\/div>\n<\/div><\/div>\n<\/div><\/div>\n<\/div><\/div>\n<\/div><\/div>\n\n\n\n<p><\/p>\n","protected":false},"excerpt":{"rendered":"","protected":false},"author":1,"featured_media":0,"parent":0,"menu_order":0,"comment_status":"closed","ping_status":"closed","template":"","meta":{"footnotes":""},"class_list":["post-141","page","type-page","status-publish","hentry"],"jetpack_sharing_enabled":true,"_links":{"self":[{"href":"https:\/\/www.biogee.org\/index.php\/wp-json\/wp\/v2\/pages\/141","targetHints":{"allow":["GET"]}}],"collection":[{"href":"https:\/\/www.biogee.org\/index.php\/wp-json\/wp\/v2\/pages"}],"about":[{"href":"https:\/\/www.biogee.org\/index.php\/wp-json\/wp\/v2\/types\/page"}],"author":[{"embeddable":true,"href":"https:\/\/www.biogee.org\/index.php\/wp-json\/wp\/v2\/users\/1"}],"replies":[{"embeddable":true,"href":"https:\/\/www.biogee.org\/index.php\/wp-json\/wp\/v2\/comments?post=141"}],"version-history":[{"count":17,"href":"https:\/\/www.biogee.org\/index.php\/wp-json\/wp\/v2\/pages\/141\/revisions"}],"predecessor-version":[{"id":3010,"href":"https:\/\/www.biogee.org\/index.php\/wp-json\/wp\/v2\/pages\/141\/revisions\/3010"}],"wp:attachment":[{"href":"https:\/\/www.biogee.org\/index.php\/wp-json\/wp\/v2\/media?parent=141"}],"curies":[{"name":"wp","href":"https:\/\/api.w.org\/{rel}","templated":true}]}}