{"id":153,"date":"2020-11-08T18:38:04","date_gmt":"2020-11-08T17:38:04","guid":{"rendered":"http:\/\/www.biogee.org\/?page_id=153"},"modified":"2025-12-29T13:22:11","modified_gmt":"2025-12-29T12:22:11","slug":"adhesion","status":"publish","type":"page","link":"https:\/\/www.biogee.org\/index.php\/adhesion\/","title":{"rendered":"Adh\u00e9sion \/ Cotisation \/ &amp; Don"},"content":{"rendered":"\n<div class=\"wp-block-columns is-layout-flex wp-container-core-columns-is-layout-9d6595d7 wp-block-columns-is-layout-flex\">\n<div class=\"wp-block-column is-layout-flow wp-block-column-is-layout-flow\" style=\"flex-basis:66.66%\">\n<p>Pour le r\u00e8glement de la cotisation annuelle \u00e0 la F\u00e9d\u00e9ration BioG\u00e9e, trois modalit\u00e9s sont possibles (modalit\u00e9s 1 et 2 \u00e0 privil\u00e9gier) :<\/p>\n\n\n\n<ul class=\"wp-block-list\">\n<li>1. r\u00e8glement par carte bancaire via HelloAsso\u00a0<a href=\"https:\/\/www.helloasso.com\/associations\/federation-biogee\/adhesions\/adhesion-biogee-2026-1\/\" target=\"_blank\" rel=\"noreferrer noopener\">Adh\u00e9sion F\u00e9d\u00e9ration BioG\u00e9e 2026<\/a><\/li>\n\n\n\n<li>2. virement bancaire sur notre compte au Cr\u00e9dit Mutuel, en prenant contact avec Tr\u00e9sorier (voir coordonn\u00e9es ci-dessous), qui transmettra le RIB.<\/li>\n\n\n\n<li>3. \u00e0 d\u00e9faut, r\u00e8glement par ch\u00e8que bancaire libell\u00e9 \u00e0 l&rsquo;ordre de \u00ab\u00a0F\u00e9d\u00e9ration BioG\u00e9e\u00a0\u00bb, envoy\u00e9 \u00e0 l&rsquo;adresse personnelle du Tr\u00e9sorier (<a rel=\"noreferrer noopener\" href=\"mailto:Christophe.guego@cyu.fr\" target=\"_blank\">christophe.guego@cyu.fr<\/a>).<\/li>\n<\/ul>\n<\/div>\n\n\n\n<div class=\"wp-block-column is-layout-flow wp-block-column-is-layout-flow\" style=\"flex-basis:33.33%\">\n<div class=\"wp-block-buttons is-vertical is-content-justification-right is-layout-flex wp-container-core-buttons-is-layout-07decfea wp-block-buttons-is-layout-flex\">\n<div class=\"wp-block-button\"><a class=\"wp-block-button__link wp-element-button\" href=\"https:\/\/www.helloasso.com\/associations\/federation-biogee\/formulaires\/1\/widget\" target=\"_blank\" rel=\"noreferrer noopener\">Pour faire un don \u00e0 la f\u00e9d\u00e9ration Biog\u00e9e<\/a><\/div>\n<\/div>\n<\/div>\n<\/div>\n\n\n\n<iframe id=\"haWidget\" allowtransparency=\"true\" src=https:\/\/www.helloasso.com\/associations\/federation-biogee\/adhesions\/adhesion-biogee-2026-1\/widget style=\"width: 100%; border: none;\" onload=\"window.addEventListener( 'message', function(e) { const dataHeight = e.data.height; const haWidgetElement = document.getElementById('haWidget'); haWidgetElement.height = dataHeight + 'px'; } )\" ><\/iframe>\n","protected":false},"excerpt":{"rendered":"<p>Pour le r\u00e8glement de la cotisation annuelle \u00e0 la F\u00e9d\u00e9ration BioG\u00e9e, trois modalit\u00e9s sont possibles (modalit\u00e9s 1 et 2 \u00e0 privil\u00e9gier) :<\/p>\n","protected":false},"author":1,"featured_media":0,"parent":0,"menu_order":0,"comment_status":"closed","ping_status":"closed","template":"","meta":{"footnotes":""},"class_list":["post-153","page","type-page","status-publish","hentry"],"jetpack_sharing_enabled":true,"_links":{"self":[{"href":"https:\/\/www.biogee.org\/index.php\/wp-json\/wp\/v2\/pages\/153","targetHints":{"allow":["GET"]}}],"collection":[{"href":"https:\/\/www.biogee.org\/index.php\/wp-json\/wp\/v2\/pages"}],"about":[{"href":"https:\/\/www.biogee.org\/index.php\/wp-json\/wp\/v2\/types\/page"}],"author":[{"embeddable":true,"href":"https:\/\/www.biogee.org\/index.php\/wp-json\/wp\/v2\/users\/1"}],"replies":[{"embeddable":true,"href":"https:\/\/www.biogee.org\/index.php\/wp-json\/wp\/v2\/comments?post=153"}],"version-history":[{"count":29,"href":"https:\/\/www.biogee.org\/index.php\/wp-json\/wp\/v2\/pages\/153\/revisions"}],"predecessor-version":[{"id":2987,"href":"https:\/\/www.biogee.org\/index.php\/wp-json\/wp\/v2\/pages\/153\/revisions\/2987"}],"wp:attachment":[{"href":"https:\/\/www.biogee.org\/index.php\/wp-json\/wp\/v2\/media?parent=153"}],"curies":[{"name":"wp","href":"https:\/\/api.w.org\/{rel}","templated":true}]}}