{"id":19,"date":"2020-11-04T17:41:06","date_gmt":"2020-11-04T16:41:06","guid":{"rendered":"http:\/\/www.biogee.org\/?page_id=19"},"modified":"2025-10-31T10:04:50","modified_gmt":"2025-10-31T09:04:50","slug":"a-propos-de","status":"publish","type":"page","link":"https:\/\/www.biogee.org\/index.php\/a-propos-de\/","title":{"rendered":"Qui sommes-nous?"},"content":{"rendered":"\n<p>La f\u00e9d\u00e9ration BioG\u00e9e&nbsp;est un regroupement d\u2019associations, de soci\u00e9t\u00e9s savantes et d\u2019institutions ci-apr\u00e8s nomm\u00e9es \u00ab organismes \u00bb, ayant pour missions :<\/p>\n\n\n\n<ul class=\"wp-block-list\">\n<li>de f\u00e9d\u00e9rer les acteurs en lien avec les sciences et technologies du vivant, les sciences de la Terre et de l\u2019environnement (en abr\u00e9g\u00e9 : STVSTE) ;<\/li>\n\n\n\n<li>de promouvoir la formation des enseignants en STVSTE ;<\/li>\n\n\n\n<li>de promouvoir l\u2019information sur les STVSTE aupr\u00e8s de divers publics.<\/li>\n\n\n\n<li>de promouvoir la formation des citoyens aux STVSTE ;<\/li>\n<\/ul>\n\n\n\n<div class=\"wp-block-buttons is-layout-flex wp-block-buttons-is-layout-flex\">\n<div class=\"wp-block-button\"><a class=\"wp-block-button__link wp-element-button\" href=\"https:\/\/biogee.org\/docs\/BioGee-Flyer-Qui-sommes-nous.pdf\" target=\"_blank\" rel=\"noreferrer noopener\">Plaquette de pr\u00e9sentation<\/a><\/div>\n\n\n<\/div>\n\n\n\n<figure class=\"wp-block-embed is-type-video is-provider-youtube wp-block-embed-youtube wp-embed-aspect-16-9 wp-has-aspect-ratio\"><div class=\"wp-block-embed__wrapper\">\n<iframe title=\"Pr\u00e9sentation de la F\u00e9d\u00e9ration BioG\u00e9e par Marc-Andr\u00e9 Selosse,  @F\u00e9d\u00e9rationBioG\u00e9e\" width=\"580\" height=\"326\" src=\"https:\/\/www.youtube.com\/embed\/s5iHMSjBz_M?feature=oembed\" frameborder=\"0\" allow=\"accelerometer; autoplay; clipboard-write; encrypted-media; gyroscope; picture-in-picture; web-share\" referrerpolicy=\"strict-origin-when-cross-origin\" allowfullscreen><\/iframe>\n<\/div><\/figure>\n","protected":false},"excerpt":{"rendered":"<p>La f\u00e9d\u00e9ration BioG\u00e9e&nbsp;est un regroupement d\u2019associations, de soci\u00e9t\u00e9s savantes et d\u2019institutions ci-apr\u00e8s nomm\u00e9es \u00ab organismes \u00bb, ayant pour missions :<\/p>\n","protected":false},"author":1,"featured_media":0,"parent":0,"menu_order":0,"comment_status":"closed","ping_status":"closed","template":"","meta":{"footnotes":""},"class_list":["post-19","page","type-page","status-publish","hentry"],"jetpack_sharing_enabled":true,"_links":{"self":[{"href":"https:\/\/www.biogee.org\/index.php\/wp-json\/wp\/v2\/pages\/19","targetHints":{"allow":["GET"]}}],"collection":[{"href":"https:\/\/www.biogee.org\/index.php\/wp-json\/wp\/v2\/pages"}],"about":[{"href":"https:\/\/www.biogee.org\/index.php\/wp-json\/wp\/v2\/types\/page"}],"author":[{"embeddable":true,"href":"https:\/\/www.biogee.org\/index.php\/wp-json\/wp\/v2\/users\/1"}],"replies":[{"embeddable":true,"href":"https:\/\/www.biogee.org\/index.php\/wp-json\/wp\/v2\/comments?post=19"}],"version-history":[{"count":19,"href":"https:\/\/www.biogee.org\/index.php\/wp-json\/wp\/v2\/pages\/19\/revisions"}],"predecessor-version":[{"id":2857,"href":"https:\/\/www.biogee.org\/index.php\/wp-json\/wp\/v2\/pages\/19\/revisions\/2857"}],"wp:attachment":[{"href":"https:\/\/www.biogee.org\/index.php\/wp-json\/wp\/v2\/media?parent=19"}],"curies":[{"name":"wp","href":"https:\/\/api.w.org\/{rel}","templated":true}]}}