{"id":512,"date":"2021-12-21T19:23:38","date_gmt":"2021-12-21T18:23:38","guid":{"rendered":"http:\/\/www.biogee.org\/?page_id=512"},"modified":"2025-03-22T10:20:30","modified_gmt":"2025-03-22T09:20:30","slug":"actions","status":"publish","type":"page","link":"https:\/\/www.biogee.org\/index.php\/actions\/","title":{"rendered":"Actions"},"content":{"rendered":"\t\t<div data-elementor-type=\"wp-page\" data-elementor-id=\"512\" class=\"elementor elementor-512\" data-elementor-post-type=\"page\">\n\t\t\t\t\t\t<section class=\"elementor-section elementor-top-section elementor-element elementor-element-0040918 elementor-section-content-top elementor-section-boxed elementor-section-height-default elementor-section-height-default\" data-id=\"0040918\" data-element_type=\"section\" data-e-type=\"section\">\n\t\t\t\t\t\t<div class=\"elementor-container elementor-column-gap-default\">\n\t\t\t\t\t<div class=\"elementor-column elementor-col-50 elementor-top-column elementor-element elementor-element-883cfbe\" data-id=\"883cfbe\" data-element_type=\"column\" data-e-type=\"column\">\n\t\t\t<div class=\"elementor-widget-wrap elementor-element-populated\">\n\t\t\t\t\t\t<div class=\"elementor-element elementor-element-95b597b elementor-widget elementor-widget-text-editor\" data-id=\"95b597b\" data-element_type=\"widget\" data-e-type=\"widget\" data-widget_type=\"text-editor.default\">\n\t\t\t\t<div class=\"elementor-widget-container\">\n\t\t\t\t\t\t\t\t\t<p>Nos \u00e9v\u00e9nements phares sont les journ\u00e9es \u00ab Naturellement \u00bb propos\u00e9es chaque ann\u00e9e. 3 jours de conf\u00e9rences, d\u00e9bats, balades nature en ville, caf\u00e9s scientifiques, \u2026 pour petits et grands, lyc\u00e9ens et enseignants, \u00e0 vivre en pr\u00e9sentiel ou en ligne.<br \/>Nous vous pr\u00e9sentons ci-dessous quelques unes de nos autres contributions, et serions heureux de pouvoir accompagner tout projet visant \u00e0 d\u00e9fendre la place des enseignements en bio-g\u00e9o-sciences<\/p>\t\t\t\t\t\t\t\t<\/div>\n\t\t\t\t<\/div>\n\t\t\t\t\t<\/div>\n\t\t<\/div>\n\t\t\t\t<div class=\"elementor-column elementor-col-50 elementor-top-column elementor-element elementor-element-b7aea95\" data-id=\"b7aea95\" data-element_type=\"column\" data-e-type=\"column\">\n\t\t\t<div class=\"elementor-widget-wrap elementor-element-populated\">\n\t\t\t\t\t\t<div class=\"elementor-element elementor-element-890d538 elementor-widget elementor-widget-heading\" data-id=\"890d538\" data-element_type=\"widget\" data-e-type=\"widget\" data-widget_type=\"heading.default\">\n\t\t\t\t<div class=\"elementor-widget-container\">\n\t\t\t\t\t<h2 class=\"elementor-heading-title elementor-size-default\">Rapport d'Activit\u00e9<\/h2>\t\t\t\t<\/div>\n\t\t\t\t<\/div>\n\t\t\t\t<div class=\"elementor-element elementor-element-7bd2a55 elementor-widget elementor-widget-text-editor\" data-id=\"7bd2a55\" data-element_type=\"widget\" data-e-type=\"widget\" data-widget_type=\"text-editor.default\">\n\t\t\t\t<div class=\"elementor-widget-container\">\n\t\t\t\t\t\t\t\t\t<p>D\u00e9couvrez notre r\u00e9seau, nos missions et nos principales actions, ann\u00e9e par ann\u00e9e.<\/p>\t\t\t\t\t\t\t\t<\/div>\n\t\t\t\t<\/div>\n\t\t\t\t<div class=\"elementor-element elementor-element-31f8328 elementor-button-success elementor-align-justify elementor-widget elementor-widget-button\" data-id=\"31f8328\" data-element_type=\"widget\" data-e-type=\"widget\" data-widget_type=\"button.default\">\n\t\t\t\t<div class=\"elementor-widget-container\">\n\t\t\t\t\t\t\t\t\t<div class=\"elementor-button-wrapper\">\n\t\t\t\t\t<a class=\"elementor-button elementor-button-link elementor-size-sm\" href=\"https:\/\/biogee.org\/docs\/BioGee_rapport_annuel_activite_2024.pdf\" target=\"_blank\">\n\t\t\t\t\t\t<span class=\"elementor-button-content-wrapper\">\n\t\t\t\t\t\t<span class=\"elementor-button-icon\">\n\t\t\t\t<i aria-hidden=\"true\" class=\"fab fa-envira\"><\/i>\t\t\t<\/span>\n\t\t\t\t\t\t\t\t\t<span class=\"elementor-button-text\">Rapport 2024<\/span>\n\t\t\t\t\t<\/span>\n\t\t\t\t\t<\/a>\n\t\t\t\t<\/div>\n\t\t\t\t\t\t\t\t<\/div>\n\t\t\t\t<\/div>\n\t\t\t\t\t<\/div>\n\t\t<\/div>\n\t\t\t\t\t<\/div>\n\t\t<\/section>\n\t\t\t\t<section class=\"elementor-section elementor-top-section elementor-element elementor-element-785ed2f elementor-section-content-top elementor-section-boxed elementor-section-height-default elementor-section-height-default\" data-id=\"785ed2f\" data-element_type=\"section\" data-e-type=\"section\">\n\t\t\t\t\t\t<div class=\"elementor-container elementor-column-gap-default\">\n\t\t\t\t\t<div class=\"elementor-column elementor-col-33 elementor-top-column elementor-element elementor-element-56fe6cc\" data-id=\"56fe6cc\" data-element_type=\"column\" data-e-type=\"column\">\n\t\t\t<div class=\"elementor-widget-wrap elementor-element-populated\">\n\t\t\t\t\t\t<div class=\"elementor-element elementor-element-1182c71 elementor-widget elementor-widget-heading\" data-id=\"1182c71\" data-element_type=\"widget\" data-e-type=\"widget\" data-widget_type=\"heading.default\">\n\t\t\t\t<div class=\"elementor-widget-container\">\n\t\t\t\t\t<h2 class=\"elementor-heading-title elementor-size-default\">Auditions<\/h2>\t\t\t\t<\/div>\n\t\t\t\t<\/div>\n\t\t\t\t<div class=\"elementor-element elementor-element-cb80e02 elementor-widget elementor-widget-text-editor\" data-id=\"cb80e02\" data-element_type=\"widget\" data-e-type=\"widget\" data-widget_type=\"text-editor.default\">\n\t\t\t\t<div class=\"elementor-widget-container\">\n\t\t\t\t\t\t\t\t\t<p>Nous intervenons lors d\u2019auditions visant \u00e0 rendre compte et am\u00e9liorer la place occup\u00e9e (temps et contenus) dans les enseignements par les sciences de la Vie, de la Terre, de la Sant\u00e9 et de l\u2019Environnement :<\/p><ul><li><a href=\"http:\/\/www.biogee.org\/wp-content\/uploads\/2023\/01\/lama_20230118092032_1_3397200_4055850.mp4\" target=\"_blank\" rel=\"noopener\">Audition de Marc-Andr\u00e9 Selosse \u00e0 l\u2019Assembl\u00e9e Nationale<\/a> sur la n\u00e9cessit\u00e9 de reprogrammer des cours de SVT pour que les enfants acqui\u00e8rent un minimum de connaissances sur la faune et la flore, 18.01.2023<\/li><li>Audition \u00e0 l\u2019Acad\u00e9mie Nationale de M\u00e9decine de Marc-Andr\u00e9 Selosse, Anne Hosmalin et David Boudeau, tous trois au titre de la F\u00e9d\u00e9ration BioG\u00e9e, Groupe de travail \u00ab <a href=\"https:\/\/www.academie-medecine.fr\/pour-une-education-des-jeunes-citoyens-a-la-prevention-en-sante\/\" target=\"_blank\" rel=\"noopener\">\u00c9ducation Civique Sanitaire<\/a> \u00bb du 27.01.2023<\/li><li>Audition de Marc-Andr\u00e9 Selosse \u00e0 l\u2019Assembl\u00e9e Nationale par la commission des affaires culturelles sur la question <a href=\"https:\/\/www.assemblee-nationale.fr\/dyn\/16\/rapports\/cion-cedu\/l16b1524_rapport-information\" target=\"_blank\" rel=\"noopener\">\u00ab Quel avenir pour l\u2019\u00e9ducation prioritaire ? \u00bb<\/a> le 14.03.2023<\/li><\/ul>\t\t\t\t\t\t\t\t<\/div>\n\t\t\t\t<\/div>\n\t\t\t\t\t<\/div>\n\t\t<\/div>\n\t\t\t\t<div class=\"elementor-column elementor-col-33 elementor-top-column elementor-element elementor-element-5e93d7e\" data-id=\"5e93d7e\" data-element_type=\"column\" data-e-type=\"column\">\n\t\t\t<div class=\"elementor-widget-wrap elementor-element-populated\">\n\t\t\t\t\t\t<div class=\"elementor-element elementor-element-2bc86cf elementor-widget elementor-widget-heading\" data-id=\"2bc86cf\" data-element_type=\"widget\" data-e-type=\"widget\" data-widget_type=\"heading.default\">\n\t\t\t\t<div class=\"elementor-widget-container\">\n\t\t\t\t\t<h2 class=\"elementor-heading-title elementor-size-default\">Experts de comit\u00e9s scientifiques<\/h2>\t\t\t\t<\/div>\n\t\t\t\t<\/div>\n\t\t\t\t<div class=\"elementor-element elementor-element-232898b elementor-widget elementor-widget-text-editor\" data-id=\"232898b\" data-element_type=\"widget\" data-e-type=\"widget\" data-widget_type=\"text-editor.default\">\n\t\t\t\t<div class=\"elementor-widget-container\">\n\t\t\t\t\t\t\t\t\t<p>Nous prenons part en tant qu\u2019experts dans certains comit\u00e9s scientifiques :<\/p><ul><li>Fr\u00e9d\u00e9rique Raynaud et Fabienne Paulin, membres du comit\u00e9 scientifique du projet <a href=\"https:\/\/www.wwf.fr\/nos-champs-daction\/education-a-la-nature-et-a-lenvironnement\" target=\"_blank\" rel=\"noopener\">\u00ab \u00c9ducation au contact de la Nature \u00bb<\/a> port\u00e9 par le WWF France ;<\/li><li>Marc-Andr\u00e9 Selosse, membre des comit\u00e9s scientifiques de la <a href=\"https:\/\/france-orchidees.org\/\" target=\"_blank\" rel=\"noopener\">F\u00e9d\u00e9ration France Orchid\u00e9es<\/a> de <a href=\"https:\/\/www.tela-botanica.org\/\" target=\"_blank\" rel=\"noopener\">Tela Botanica<\/a> de <a href=\"https:\/\/agricultureduvivant.org\/\" target=\"_blank\" rel=\"noopener\">Pour une Agriculture du Vivant<\/a> et de <a href=\"https:\/\/www.biotopefestival.fr\/\" target=\"_blank\" rel=\"noopener\">Biotope Festival<\/a><\/li><\/ul>\t\t\t\t\t\t\t\t<\/div>\n\t\t\t\t<\/div>\n\t\t\t\t\t<\/div>\n\t\t<\/div>\n\t\t\t\t<div class=\"elementor-column elementor-col-33 elementor-top-column elementor-element elementor-element-9d7aa16\" data-id=\"9d7aa16\" data-element_type=\"column\" data-e-type=\"column\">\n\t\t\t<div class=\"elementor-widget-wrap elementor-element-populated\">\n\t\t\t\t\t\t<div class=\"elementor-element elementor-element-5cb4231 elementor-widget elementor-widget-heading\" data-id=\"5cb4231\" data-element_type=\"widget\" data-e-type=\"widget\" data-widget_type=\"heading.default\">\n\t\t\t\t<div class=\"elementor-widget-container\">\n\t\t\t\t\t<h2 class=\"elementor-heading-title elementor-size-default\">Interventions \u2018Grand Public'<\/h2>\t\t\t\t<\/div>\n\t\t\t\t<\/div>\n\t\t\t\t<div class=\"elementor-element elementor-element-3710b6d elementor-widget elementor-widget-text-editor\" data-id=\"3710b6d\" data-element_type=\"widget\" data-e-type=\"widget\" data-widget_type=\"text-editor.default\">\n\t\t\t\t<div class=\"elementor-widget-container\">\n\t\t\t\t\t\t\t\t\t<p>Marc-Andr\u00e9 Selosse intervient aupr\u00e8s du Grand Public, d\u2019Entreprises, et majoritairement en Lyc\u00e9es, il r\u00e9alise environ 250 conf\u00e9rences par an. La plupart de ses interventions sont disponibles en ligne.<\/p><p>Fr\u00e9d\u00e9rique Raynaud organise pour BioG\u00e9e le Cycle \u00abSciences et consciences\u00bb avec l\u2019intervention d\u2019experts de toutes disciplines , propos\u00e9 chaque ann\u00e9e dans un lyc\u00e9e parisien. <a href=\"https:\/\/biogee.org\/docs\/Conferences_25mars2025.pdf\" target=\"_blank\" rel=\"noopener\">Voici le programme 2025<\/a><\/p><p>Conf\u00e9rences 2024 :<\/p><ul><li><p><span class=\"fontstyle2\">Conf\u00e9rence d&rsquo;Harold Levrel : <\/span><a href=\"https:\/\/pia.ac-paris.fr\/portail\/upload\/docs\/video\/mp4\/2024-05\/conf_levrel.mp4\" target=\"_blank\" rel=\"noopener\">https:\/\/pia.ac-paris.fr\/portail\/upload\/docs\/video\/mp4\/2024-05\/conf_levrel.mp4<\/a><\/p><\/li><li><p><span class=\"fontstyle2\">Conf\u00e9rence de Heidi Sevestre : <\/span><a href=\"https:\/\/pia.ac-paris.fr\/portail\/upload\/docs\/video\/mp4\/2024-05\/conf_sevestre.mp4\" target=\"_blank\" rel=\"noopener\">https:\/\/pia.ac-paris.fr\/portail\/upload\/docs\/video\/mp4\/2024-05\/conf_sevestre.mp4<\/a><\/p><\/li><\/ul><p>BioG\u00e9e est \u00e9galement partenaire de plusieurs cycles de conf\u00e9rences.<\/p><p>Nous accompagnons nos organisations et associations membres pour trouver le bon intervenant et les mettre en relation quand c\u2019est possible. BioG\u00e9e est ainsi partenaire :<\/p><ul><li>Du cycle \u2018Comprendre demain, sciences pour tous\u2019 organis\u00e9 \u00e0 raison de 3 conf\u00e9rences par an et du Festival du film pour l\u2019environnement \u2018C\u2019est d\u00e9j\u00e0 demain\u2019 qui ont lieu \u00e0 Chatou (78) de l\u2019<a href=\"http:\/\/www.forumprojetsdd.org\/\" target=\"_blank\" rel=\"noopener\">Association Forum et Projets pour le D\u00e9veloppement Durable<\/a><\/li><li>Du Festival \u2018VIVACES\u2019 de <a href=\"https:\/\/www.pepinsproduction.fr\/\">l\u2019Association P\u00e9pins Productions <\/a>en co-production avec La Villette<\/li><\/ul>\t\t\t\t\t\t\t\t<\/div>\n\t\t\t\t<\/div>\n\t\t\t\t\t<\/div>\n\t\t<\/div>\n\t\t\t\t\t<\/div>\n\t\t<\/section>\n\t\t\t\t<\/div>\n\t\t","protected":false},"excerpt":{"rendered":"<p>Nos \u00e9v\u00e9nements phares sont les journ\u00e9es \u00ab Naturellement \u00bb propos\u00e9es chaque ann\u00e9e. 3 jours de conf\u00e9rences, d\u00e9bats, balades nature en ville, caf\u00e9s scientifiques, \u2026 pour petits et grands, lyc\u00e9ens et enseignants, \u00e0 vivre en pr\u00e9sentiel ou en ligne.Nous vous pr\u00e9sentons ci-dessous quelques unes de nos autres contributions, et serions heureux de pouvoir accompagner tout projet [&hellip;]<\/p>\n","protected":false},"author":1,"featured_media":0,"parent":0,"menu_order":0,"comment_status":"closed","ping_status":"closed","template":"","meta":{"footnotes":""},"class_list":["post-512","page","type-page","status-publish","hentry"],"jetpack_sharing_enabled":true,"_links":{"self":[{"href":"https:\/\/www.biogee.org\/index.php\/wp-json\/wp\/v2\/pages\/512","targetHints":{"allow":["GET"]}}],"collection":[{"href":"https:\/\/www.biogee.org\/index.php\/wp-json\/wp\/v2\/pages"}],"about":[{"href":"https:\/\/www.biogee.org\/index.php\/wp-json\/wp\/v2\/types\/page"}],"author":[{"embeddable":true,"href":"https:\/\/www.biogee.org\/index.php\/wp-json\/wp\/v2\/users\/1"}],"replies":[{"embeddable":true,"href":"https:\/\/www.biogee.org\/index.php\/wp-json\/wp\/v2\/comments?post=512"}],"version-history":[{"count":43,"href":"https:\/\/www.biogee.org\/index.php\/wp-json\/wp\/v2\/pages\/512\/revisions"}],"predecessor-version":[{"id":2632,"href":"https:\/\/www.biogee.org\/index.php\/wp-json\/wp\/v2\/pages\/512\/revisions\/2632"}],"wp:attachment":[{"href":"https:\/\/www.biogee.org\/index.php\/wp-json\/wp\/v2\/media?parent=512"}],"curies":[{"name":"wp","href":"https:\/\/api.w.org\/{rel}","templated":true}]}}