{"id":56,"date":"2020-11-04T17:55:20","date_gmt":"2020-11-04T16:55:20","guid":{"rendered":"http:\/\/www.biogee.org\/?page_id=56"},"modified":"2025-04-13T11:10:01","modified_gmt":"2025-04-13T09:10:01","slug":"nos-activites","status":"publish","type":"page","link":"https:\/\/www.biogee.org\/index.php\/nos-activites\/","title":{"rendered":"Nos activit\u00e9s"},"content":{"rendered":"\n<p><\/p>\n\n\n\n<div class=\"wp-block-buttons alignwide is-content-justification-center is-layout-flex wp-container-core-buttons-is-layout-16018d1d wp-block-buttons-is-layout-flex\">\n<div class=\"wp-block-button is-style-fill\"><a class=\"wp-block-button__link has-background-color has-text-color has-background wp-element-button\" href=\"http:\/\/www.biogee.org\/index.php\/tribunes-et-prises-de-position\/\" style=\"background-color:#52b858\">Tribunes et prises de position<\/a><\/div>\n\n\n\n<div class=\"wp-block-button\"><a class=\"wp-block-button__link has-background-color has-text-color has-background wp-element-button\" href=\"http:\/\/www.biogee.org\/index.php\/journees-biogee\/\" style=\"background-color:#52b858\">Journ\u00e9es \u00ab\u00a0naturellement\u00a0\u00bb<\/a><\/div>\n\n\n\n<div class=\"wp-block-button\"><a class=\"wp-block-button__link has-background wp-element-button\" href=\"http:\/\/www.biogee.org\/index.php\/assemblee-generale\/\" style=\"background-color:#52b858\">Assembl\u00e9e g\u00e9n\u00e9rale<\/a><\/div>\n\n\n\n<div class=\"wp-block-button\"><a class=\"wp-block-button__link has-background wp-element-button\" href=\"https:\/\/www.biogee.org\/index.php\/actions\/\" style=\"background-color:#52b858\">ACTIONS<\/a><\/div>\n<\/div>\n\n\n\n<p><\/p>\n","protected":false},"excerpt":{"rendered":"","protected":false},"author":1,"featured_media":0,"parent":0,"menu_order":0,"comment_status":"closed","ping_status":"closed","template":"","meta":{"footnotes":""},"class_list":["post-56","page","type-page","status-publish","hentry"],"jetpack_sharing_enabled":true,"_links":{"self":[{"href":"https:\/\/www.biogee.org\/index.php\/wp-json\/wp\/v2\/pages\/56","targetHints":{"allow":["GET"]}}],"collection":[{"href":"https:\/\/www.biogee.org\/index.php\/wp-json\/wp\/v2\/pages"}],"about":[{"href":"https:\/\/www.biogee.org\/index.php\/wp-json\/wp\/v2\/types\/page"}],"author":[{"embeddable":true,"href":"https:\/\/www.biogee.org\/index.php\/wp-json\/wp\/v2\/users\/1"}],"replies":[{"embeddable":true,"href":"https:\/\/www.biogee.org\/index.php\/wp-json\/wp\/v2\/comments?post=56"}],"version-history":[{"count":10,"href":"https:\/\/www.biogee.org\/index.php\/wp-json\/wp\/v2\/pages\/56\/revisions"}],"predecessor-version":[{"id":2643,"href":"https:\/\/www.biogee.org\/index.php\/wp-json\/wp\/v2\/pages\/56\/revisions\/2643"}],"wp:attachment":[{"href":"https:\/\/www.biogee.org\/index.php\/wp-json\/wp\/v2\/media?parent=56"}],"curies":[{"name":"wp","href":"https:\/\/api.w.org\/{rel}","templated":true}]}}