{"id":80,"date":"2020-11-04T18:36:14","date_gmt":"2020-11-04T17:36:14","guid":{"rendered":"http:\/\/www.biogee.org\/?page_id=80"},"modified":"2024-07-11T14:08:11","modified_gmt":"2024-07-11T12:08:11","slug":"composition-du-bureau","status":"publish","type":"page","link":"https:\/\/www.biogee.org\/index.php\/composition-du-bureau\/","title":{"rendered":"Composition du bureau"},"content":{"rendered":"\n<p><\/p>\n\n\n\n<ul class=\"wp-block-list\">\n<li>V\u00e9ronique Barriel (Soci\u00e9t\u00e9 Fran\u00e7aise de Syst\u00e9matique MNHN)<\/li>\n\n\n\n<li>Ad\u00e8le Bin\u00e9truy : Professeure de SVT<\/li>\n\n\n\n<li>David Boudeau (Association des Professeurs de Biologie et G\u00e9ologie) : <strong><em>Secr\u00e9taire adjoint (aspects num\u00e9riques)<\/em><\/strong><\/li>\n\n\n\n<li>Claude Fromageot : Directeur mission et impact Groupe Rocher<\/li>\n\n\n\n<li>Christophe Gu\u00e9go (Association pour la formation des Professeurs de Sciences de la Vie et de la Terre) : <strong><em>Tr\u00e9sorier<\/em><\/strong><\/li>\n\n\n\n<li>Anne Hosmalin (Soci\u00e9t\u00e9 fran\u00e7aise d\u2019Immunologie) : <strong><em>Tr\u00e9sori\u00e8re adjointe<\/em><\/strong><\/li>\n\n\n\n<li>Philippe Le Gall (Soci\u00e9t\u00e9 entomologique de France)<\/li>\n\n\n\n<li>Guillaume Nottet : Professeur de SVT<\/li>\n\n\n\n<li>Fabienne Paulin (Association pour la Recherche en Didactique des Sciences et des Technologies) :<strong><em> Secr\u00e9taire<\/em><\/strong><\/li>\n\n\n\n<li>Marc-Andr\u00e9 Selosse (Mus\u00e9um national d&rsquo;Histoire Naturelle) : <strong><em>Pr\u00e9sident<\/em><\/strong><\/li>\n\n\n\n<li>Eric Westhof (Acad\u00e9mie des Sciences)<\/li>\n<\/ul>\n","protected":false},"excerpt":{"rendered":"","protected":false},"author":1,"featured_media":0,"parent":0,"menu_order":0,"comment_status":"closed","ping_status":"closed","template":"","meta":{"footnotes":""},"class_list":["post-80","page","type-page","status-publish","hentry"],"jetpack_sharing_enabled":true,"_links":{"self":[{"href":"https:\/\/www.biogee.org\/index.php\/wp-json\/wp\/v2\/pages\/80","targetHints":{"allow":["GET"]}}],"collection":[{"href":"https:\/\/www.biogee.org\/index.php\/wp-json\/wp\/v2\/pages"}],"about":[{"href":"https:\/\/www.biogee.org\/index.php\/wp-json\/wp\/v2\/types\/page"}],"author":[{"embeddable":true,"href":"https:\/\/www.biogee.org\/index.php\/wp-json\/wp\/v2\/users\/1"}],"replies":[{"embeddable":true,"href":"https:\/\/www.biogee.org\/index.php\/wp-json\/wp\/v2\/comments?post=80"}],"version-history":[{"count":8,"href":"https:\/\/www.biogee.org\/index.php\/wp-json\/wp\/v2\/pages\/80\/revisions"}],"predecessor-version":[{"id":2135,"href":"https:\/\/www.biogee.org\/index.php\/wp-json\/wp\/v2\/pages\/80\/revisions\/2135"}],"wp:attachment":[{"href":"https:\/\/www.biogee.org\/index.php\/wp-json\/wp\/v2\/media?parent=80"}],"curies":[{"name":"wp","href":"https:\/\/api.w.org\/{rel}","templated":true}]}}