{"id":83,"date":"2020-11-04T18:37:10","date_gmt":"2020-11-04T17:37:10","guid":{"rendered":"http:\/\/www.biogee.org\/?page_id=83"},"modified":"2025-04-13T10:58:13","modified_gmt":"2025-04-13T08:58:13","slug":"assemblee-generale","status":"publish","type":"page","link":"https:\/\/www.biogee.org\/index.php\/assemblee-generale\/","title":{"rendered":"Assembl\u00e9es g\u00e9n\u00e9rales"},"content":{"rendered":"\n<ul class=\"wp-block-list\">\n<li><a href=\"https:\/\/biogee.org\/docs\/CR_AG2025.pdf\" target=\"_blank\" rel=\"noreferrer noopener\">Assembl\u00e9e g\u00e9n\u00e9rale 2025<\/a><\/li>\n\n\n\n<li><a href=\"https:\/\/www.biogee.org\/index.php\/2024\/05\/14\/assemblee-generale-2024\/\" data-type=\"post\" data-id=\"2025\">Assembl\u00e9e g\u00e9n\u00e9rale 2024<\/a><\/li>\n\n\n\n<li><a href=\"https:\/\/www.biogee.org\/index.php\/2023\/07\/30\/__trashed\/\" data-type=\"post\" data-id=\"1671\">Assembl\u00e9e g\u00e9n\u00e9rale 2023<\/a><\/li>\n\n\n\n<li><a href=\"https:\/\/www.biogee.org\/index.php\/2022\/08\/01\/assemblee-generale-2022\/\" data-type=\"post\" data-id=\"1171\">Assembl\u00e9e g\u00e9n\u00e9rale 2022<\/a><\/li>\n\n\n\n<li><a href=\"http:\/\/www.biogee.org\/index.php\/2020\/11\/04\/ag_biogee2021\/http:\/\/www.biogee.org\/index.php\/2021\/04\/21\/assemblee-generale-2021\/\"> Assembl\u00e9e g\u00e9n\u00e9rale 2021<\/a><\/li>\n\n\n\n<li>Assembl\u00e9e g\u00e9n\u00e9rale en distanciel le 12 d\u00e9cembre 2020<\/li>\n<\/ul>\n","protected":false},"excerpt":{"rendered":"","protected":false},"author":1,"featured_media":0,"parent":0,"menu_order":0,"comment_status":"closed","ping_status":"closed","template":"","meta":{"footnotes":""},"class_list":["post-83","page","type-page","status-publish","hentry"],"jetpack_sharing_enabled":true,"_links":{"self":[{"href":"https:\/\/www.biogee.org\/index.php\/wp-json\/wp\/v2\/pages\/83","targetHints":{"allow":["GET"]}}],"collection":[{"href":"https:\/\/www.biogee.org\/index.php\/wp-json\/wp\/v2\/pages"}],"about":[{"href":"https:\/\/www.biogee.org\/index.php\/wp-json\/wp\/v2\/types\/page"}],"author":[{"embeddable":true,"href":"https:\/\/www.biogee.org\/index.php\/wp-json\/wp\/v2\/users\/1"}],"replies":[{"embeddable":true,"href":"https:\/\/www.biogee.org\/index.php\/wp-json\/wp\/v2\/comments?post=83"}],"version-history":[{"count":12,"href":"https:\/\/www.biogee.org\/index.php\/wp-json\/wp\/v2\/pages\/83\/revisions"}],"predecessor-version":[{"id":2638,"href":"https:\/\/www.biogee.org\/index.php\/wp-json\/wp\/v2\/pages\/83\/revisions\/2638"}],"wp:attachment":[{"href":"https:\/\/www.biogee.org\/index.php\/wp-json\/wp\/v2\/media?parent=83"}],"curies":[{"name":"wp","href":"https:\/\/api.w.org\/{rel}","templated":true}]}}