{"id":96,"date":"2020-11-04T18:49:25","date_gmt":"2020-11-04T17:49:25","guid":{"rendered":"http:\/\/www.biogee.org\/?page_id=96"},"modified":"2022-05-19T16:21:42","modified_gmt":"2022-05-19T14:21:42","slug":"status-et-reglement","status":"publish","type":"page","link":"https:\/\/www.biogee.org\/index.php\/status-et-reglement\/","title":{"rendered":"Statuts et r\u00e8glement"},"content":{"rendered":"\n<div class=\"wp-block-buttons is-layout-flex wp-block-buttons-is-layout-flex\">\n<div class=\"wp-block-button has-custom-width wp-block-button__width-100\"><a class=\"wp-block-button__link has-background-color has-text-color has-background\" href=\"https:\/\/www.biogee.org\/wp-content\/uploads\/2020\/11\/STATUTS-BIOGEE.pdf\" style=\"background-color:#52b858\" target=\"_blank\" rel=\"noreferrer noopener\">Statuts de la f\u00e9d\u00e9ration BioG\u00e9e<\/a><\/div>\n\n\n\n<div class=\"wp-block-button has-custom-width wp-block-button__width-100\"><a class=\"wp-block-button__link has-background-color has-text-color has-background\" href=\"https:\/\/www.biogee.org\/wp-content\/uploads\/2020\/11\/REGLEMENT-INTERIEUR-BIOGEE.pdf\" style=\"background-color:#52b858\">R\u00e8glement de la f\u00e9d\u00e9ration Biog\u00e9e<\/a><\/div>\n<\/div>\n\n\n\n<p><\/p>\n","protected":false},"excerpt":{"rendered":"","protected":false},"author":1,"featured_media":0,"parent":0,"menu_order":0,"comment_status":"closed","ping_status":"closed","template":"","meta":{"footnotes":""},"class_list":["post-96","page","type-page","status-publish","hentry"],"jetpack_sharing_enabled":true,"_links":{"self":[{"href":"https:\/\/www.biogee.org\/index.php\/wp-json\/wp\/v2\/pages\/96","targetHints":{"allow":["GET"]}}],"collection":[{"href":"https:\/\/www.biogee.org\/index.php\/wp-json\/wp\/v2\/pages"}],"about":[{"href":"https:\/\/www.biogee.org\/index.php\/wp-json\/wp\/v2\/types\/page"}],"author":[{"embeddable":true,"href":"https:\/\/www.biogee.org\/index.php\/wp-json\/wp\/v2\/users\/1"}],"replies":[{"embeddable":true,"href":"https:\/\/www.biogee.org\/index.php\/wp-json\/wp\/v2\/comments?post=96"}],"version-history":[{"count":8,"href":"https:\/\/www.biogee.org\/index.php\/wp-json\/wp\/v2\/pages\/96\/revisions"}],"predecessor-version":[{"id":786,"href":"https:\/\/www.biogee.org\/index.php\/wp-json\/wp\/v2\/pages\/96\/revisions\/786"}],"wp:attachment":[{"href":"https:\/\/www.biogee.org\/index.php\/wp-json\/wp\/v2\/media?parent=96"}],"curies":[{"name":"wp","href":"https:\/\/api.w.org\/{rel}","templated":true}]}}